{"id":20,"date":"2023-02-01T12:31:44","date_gmt":"2023-02-01T12:31:44","guid":{"rendered":"http:\/\/instalreform.com\/?page_id=20"},"modified":"2023-02-07T16:47:35","modified_gmt":"2023-02-07T16:47:35","slug":"contacto","status":"publish","type":"page","link":"https:\/\/instalreform.com\/index.php\/contacto\/","title":{"rendered":"Contacte"},"content":{"rendered":"\n<p><br>Podeu contactar amb nosaltres als tel\u00e8fons:<br>93 454 68 51 &#8211; 655 865 454<br>o b\u00e9 per correu electr\u00f2nic a:<br>instalreform@sedalmau.com<br>www.instalreform.com <\/p>\n\n\n\n<p><br>TOTES LES REPARACIONS A DOMICILI ES PODEN PAGAR AMB TPV O A TRAVES DE L&#8217;APLICACIO BIZUM !!<\/p>\n","protected":false},"excerpt":{"rendered":"<p>Podeu contactar amb nosaltres als tel\u00e8fons:93 454 68 51 &#8211; 655 865 454o b\u00e9 per correu electr\u00f2nic a:instalreform@sedalmau.comwww.instalreform.com TOTES LES REPARACIONS A DOMICILI ES PODEN PAGAR AMB TPV O A TRAVES DE L&#8217;APLICACIO BIZUM !!<\/p>\n","protected":false},"author":1,"featured_media":0,"parent":0,"menu_order":0,"comment_status":"closed","ping_status":"closed","template":"","meta":{"footnotes":""},"class_list":["post-20","page","type-page","status-publish","hentry"],"_links":{"self":[{"href":"https:\/\/instalreform.com\/index.php\/wp-json\/wp\/v2\/pages\/20","targetHints":{"allow":["GET"]}}],"collection":[{"href":"https:\/\/instalreform.com\/index.php\/wp-json\/wp\/v2\/pages"}],"about":[{"href":"https:\/\/instalreform.com\/index.php\/wp-json\/wp\/v2\/types\/page"}],"author":[{"embeddable":true,"href":"https:\/\/instalreform.com\/index.php\/wp-json\/wp\/v2\/users\/1"}],"replies":[{"embeddable":true,"href":"https:\/\/instalreform.com\/index.php\/wp-json\/wp\/v2\/comments?post=20"}],"version-history":[{"count":4,"href":"https:\/\/instalreform.com\/index.php\/wp-json\/wp\/v2\/pages\/20\/revisions"}],"predecessor-version":[{"id":68,"href":"https:\/\/instalreform.com\/index.php\/wp-json\/wp\/v2\/pages\/20\/revisions\/68"}],"wp:attachment":[{"href":"https:\/\/instalreform.com\/index.php\/wp-json\/wp\/v2\/media?parent=20"}],"curies":[{"name":"wp","href":"https:\/\/api.w.org\/{rel}","templated":true}]}}